{"id":956,"date":"2016-11-02T02:21:15","date_gmt":"2016-11-02T02:21:15","guid":{"rendered":"http:\/\/sushilounge.cl\/nueva\/?post_type=product&#038;p=956"},"modified":"2024-03-21T00:09:35","modified_gmt":"2024-03-21T00:09:35","slug":"vietnam","status":"publish","type":"product","link":"https:\/\/www.sushilounge.cl\/nueva\/producto\/vietnam\/","title":{"rendered":"76-Vietnam"},"content":{"rendered":"","protected":false},"excerpt":{"rendered":"<p class=\"p1\">Relleno de salm\u00f3n, camar\u00f3n, queso crema, ceboll\u00edn<br \/>\n<strong>Opcional de envoltura:<\/strong> Salm\u00f3n apanado en panko, salmon o Palta (10 bocados)<\/p>\n","protected":false},"featured_media":1177,"template":"","meta":{"_joinchat":[]},"product_cat":[60],"product_tag":[48],"_links":{"self":[{"href":"https:\/\/www.sushilounge.cl\/nueva\/wp-json\/wp\/v2\/product\/956"}],"collection":[{"href":"https:\/\/www.sushilounge.cl\/nueva\/wp-json\/wp\/v2\/product"}],"about":[{"href":"https:\/\/www.sushilounge.cl\/nueva\/wp-json\/wp\/v2\/types\/product"}],"wp:featuredmedia":[{"embeddable":true,"href":"https:\/\/www.sushilounge.cl\/nueva\/wp-json\/wp\/v2\/media\/1177"}],"wp:attachment":[{"href":"https:\/\/www.sushilounge.cl\/nueva\/wp-json\/wp\/v2\/media?parent=956"}],"wp:term":[{"taxonomy":"product_cat","embeddable":true,"href":"https:\/\/www.sushilounge.cl\/nueva\/wp-json\/wp\/v2\/product_cat?post=956"},{"taxonomy":"product_tag","embeddable":true,"href":"https:\/\/www.sushilounge.cl\/nueva\/wp-json\/wp\/v2\/product_tag?post=956"}],"curies":[{"name":"wp","href":"https:\/\/api.w.org\/{rel}","templated":true}]}}