{"id":929,"date":"2016-11-02T02:01:38","date_gmt":"2016-11-02T02:01:38","guid":{"rendered":"http:\/\/sushilounge.cl\/nueva\/?post_type=product&#038;p=929"},"modified":"2024-03-20T23:21:27","modified_gmt":"2024-03-20T23:21:27","slug":"rainbow","status":"publish","type":"product","link":"https:\/\/www.sushilounge.cl\/nueva\/producto\/rainbow\/","title":{"rendered":"63-Rainbow"},"content":{"rendered":"","protected":false},"excerpt":{"rendered":"<p class=\"p1\">Camar\u00f3n tempura, queso crema, ceboll\u00edn, envuelto en salm\u00f3n-palta (10 bocados)<\/p>\n","protected":false},"featured_media":930,"template":"","meta":{"_joinchat":[]},"product_cat":[38],"product_tag":[48],"_links":{"self":[{"href":"https:\/\/www.sushilounge.cl\/nueva\/wp-json\/wp\/v2\/product\/929"}],"collection":[{"href":"https:\/\/www.sushilounge.cl\/nueva\/wp-json\/wp\/v2\/product"}],"about":[{"href":"https:\/\/www.sushilounge.cl\/nueva\/wp-json\/wp\/v2\/types\/product"}],"wp:featuredmedia":[{"embeddable":true,"href":"https:\/\/www.sushilounge.cl\/nueva\/wp-json\/wp\/v2\/media\/930"}],"wp:attachment":[{"href":"https:\/\/www.sushilounge.cl\/nueva\/wp-json\/wp\/v2\/media?parent=929"}],"wp:term":[{"taxonomy":"product_cat","embeddable":true,"href":"https:\/\/www.sushilounge.cl\/nueva\/wp-json\/wp\/v2\/product_cat?post=929"},{"taxonomy":"product_tag","embeddable":true,"href":"https:\/\/www.sushilounge.cl\/nueva\/wp-json\/wp\/v2\/product_tag?post=929"}],"curies":[{"name":"wp","href":"https:\/\/api.w.org\/{rel}","templated":true}]}}