{"id":913,"date":"2016-11-01T23:45:29","date_gmt":"2016-11-01T23:45:29","guid":{"rendered":"http:\/\/sushilounge.cl\/nueva\/?post_type=product&#038;p=913"},"modified":"2024-03-20T23:13:46","modified_gmt":"2024-03-20T23:13:46","slug":"sensei","status":"publish","type":"product","link":"https:\/\/www.sushilounge.cl\/nueva\/producto\/sensei\/","title":{"rendered":"55-Sensei"},"content":{"rendered":"","protected":false},"excerpt":{"rendered":"<p>(Apanado en panko o frito en tempura 10 bocados)<br \/>\nCamar\u00f3n, queso crema, ceboll\u00edn, envuelto en salm\u00f3n, apanado en panko<\/p>\n","protected":false},"featured_media":914,"template":"","meta":{"_joinchat":[]},"product_cat":[37],"product_tag":[47],"_links":{"self":[{"href":"https:\/\/www.sushilounge.cl\/nueva\/wp-json\/wp\/v2\/product\/913"}],"collection":[{"href":"https:\/\/www.sushilounge.cl\/nueva\/wp-json\/wp\/v2\/product"}],"about":[{"href":"https:\/\/www.sushilounge.cl\/nueva\/wp-json\/wp\/v2\/types\/product"}],"wp:featuredmedia":[{"embeddable":true,"href":"https:\/\/www.sushilounge.cl\/nueva\/wp-json\/wp\/v2\/media\/914"}],"wp:attachment":[{"href":"https:\/\/www.sushilounge.cl\/nueva\/wp-json\/wp\/v2\/media?parent=913"}],"wp:term":[{"taxonomy":"product_cat","embeddable":true,"href":"https:\/\/www.sushilounge.cl\/nueva\/wp-json\/wp\/v2\/product_cat?post=913"},{"taxonomy":"product_tag","embeddable":true,"href":"https:\/\/www.sushilounge.cl\/nueva\/wp-json\/wp\/v2\/product_tag?post=913"}],"curies":[{"name":"wp","href":"https:\/\/api.w.org\/{rel}","templated":true}]}}