{"id":892,"date":"2016-11-01T22:46:41","date_gmt":"2016-11-01T22:46:41","guid":{"rendered":"http:\/\/sushilounge.cl\/nueva\/?post_type=product&#038;p=892"},"modified":"2024-03-20T23:05:13","modified_gmt":"2024-03-20T23:05:13","slug":"sumo","status":"publish","type":"product","link":"https:\/\/www.sushilounge.cl\/nueva\/producto\/sumo\/","title":{"rendered":"45-Sumo"},"content":{"rendered":"","protected":false},"excerpt":{"rendered":"<p>( envuelto en queso crema, 10\u00a0bocados)<br \/>\nSalm\u00f3n ahumado, camar\u00f3n, ceboll\u00edn<\/p>\n","protected":false},"featured_media":893,"template":"","meta":{"_joinchat":[]},"product_cat":[36],"product_tag":[48],"_links":{"self":[{"href":"https:\/\/www.sushilounge.cl\/nueva\/wp-json\/wp\/v2\/product\/892"}],"collection":[{"href":"https:\/\/www.sushilounge.cl\/nueva\/wp-json\/wp\/v2\/product"}],"about":[{"href":"https:\/\/www.sushilounge.cl\/nueva\/wp-json\/wp\/v2\/types\/product"}],"wp:featuredmedia":[{"embeddable":true,"href":"https:\/\/www.sushilounge.cl\/nueva\/wp-json\/wp\/v2\/media\/893"}],"wp:attachment":[{"href":"https:\/\/www.sushilounge.cl\/nueva\/wp-json\/wp\/v2\/media?parent=892"}],"wp:term":[{"taxonomy":"product_cat","embeddable":true,"href":"https:\/\/www.sushilounge.cl\/nueva\/wp-json\/wp\/v2\/product_cat?post=892"},{"taxonomy":"product_tag","embeddable":true,"href":"https:\/\/www.sushilounge.cl\/nueva\/wp-json\/wp\/v2\/product_tag?post=892"}],"curies":[{"name":"wp","href":"https:\/\/api.w.org\/{rel}","templated":true}]}}