{"id":1143,"date":"2017-06-08T01:39:24","date_gmt":"2017-06-08T01:39:24","guid":{"rendered":"http:\/\/www.sushilounge.cl\/nueva\/?post_type=product&#038;p=1143"},"modified":"2024-03-21T00:19:02","modified_gmt":"2024-03-21T00:19:02","slug":"83-kunsei","status":"publish","type":"product","link":"https:\/\/www.sushilounge.cl\/nueva\/producto\/83-kunsei\/","title":{"rendered":"83- KUNSEI"},"content":{"rendered":"","protected":false},"excerpt":{"rendered":"<p class=\"p1\">Opcional sushi nikkei o formato gohan (10 bocados)<br \/>\nEnvuelto en salm\u00f3n ahumado y ba\u00f1ado en una salsa especial semidulce flameada con salsa picante y salsa tar\u00e9, relleno de camar\u00f3n apanado y palta<\/p>\n","protected":false},"featured_media":1169,"template":"","meta":{"_joinchat":[]},"product_cat":[61],"product_tag":[],"_links":{"self":[{"href":"https:\/\/www.sushilounge.cl\/nueva\/wp-json\/wp\/v2\/product\/1143"}],"collection":[{"href":"https:\/\/www.sushilounge.cl\/nueva\/wp-json\/wp\/v2\/product"}],"about":[{"href":"https:\/\/www.sushilounge.cl\/nueva\/wp-json\/wp\/v2\/types\/product"}],"wp:featuredmedia":[{"embeddable":true,"href":"https:\/\/www.sushilounge.cl\/nueva\/wp-json\/wp\/v2\/media\/1169"}],"wp:attachment":[{"href":"https:\/\/www.sushilounge.cl\/nueva\/wp-json\/wp\/v2\/media?parent=1143"}],"wp:term":[{"taxonomy":"product_cat","embeddable":true,"href":"https:\/\/www.sushilounge.cl\/nueva\/wp-json\/wp\/v2\/product_cat?post=1143"},{"taxonomy":"product_tag","embeddable":true,"href":"https:\/\/www.sushilounge.cl\/nueva\/wp-json\/wp\/v2\/product_tag?post=1143"}],"curies":[{"name":"wp","href":"https:\/\/api.w.org\/{rel}","templated":true}]}}