{"id":1140,"date":"2017-06-08T01:35:32","date_gmt":"2017-06-08T01:35:32","guid":{"rendered":"http:\/\/www.sushilounge.cl\/nueva\/?post_type=product&#038;p=1140"},"modified":"2024-03-21T00:16:50","modified_gmt":"2024-03-21T00:16:50","slug":"80-tiradito-roll","status":"publish","type":"product","link":"https:\/\/www.sushilounge.cl\/nueva\/producto\/80-tiradito-roll\/","title":{"rendered":"80-TIRADITO ROLL"},"content":{"rendered":"","protected":false},"excerpt":{"rendered":"<p class=\"p1\">Opcional sushi nikkei o formato gohan (10 bocados)<br \/>\nEnvuelto en salm\u00f3n con salsa de aj\u00ed amarillo, relleno de camar\u00f3n tempura, queso crema y ceboll\u00edn<\/p>\n","protected":false},"featured_media":1172,"template":"","meta":{"_joinchat":[]},"product_cat":[61],"product_tag":[],"_links":{"self":[{"href":"https:\/\/www.sushilounge.cl\/nueva\/wp-json\/wp\/v2\/product\/1140"}],"collection":[{"href":"https:\/\/www.sushilounge.cl\/nueva\/wp-json\/wp\/v2\/product"}],"about":[{"href":"https:\/\/www.sushilounge.cl\/nueva\/wp-json\/wp\/v2\/types\/product"}],"wp:featuredmedia":[{"embeddable":true,"href":"https:\/\/www.sushilounge.cl\/nueva\/wp-json\/wp\/v2\/media\/1172"}],"wp:attachment":[{"href":"https:\/\/www.sushilounge.cl\/nueva\/wp-json\/wp\/v2\/media?parent=1140"}],"wp:term":[{"taxonomy":"product_cat","embeddable":true,"href":"https:\/\/www.sushilounge.cl\/nueva\/wp-json\/wp\/v2\/product_cat?post=1140"},{"taxonomy":"product_tag","embeddable":true,"href":"https:\/\/www.sushilounge.cl\/nueva\/wp-json\/wp\/v2\/product_tag?post=1140"}],"curies":[{"name":"wp","href":"https:\/\/api.w.org\/{rel}","templated":true}]}}